{"id":43,"date":"2020-02-18T11:51:45","date_gmt":"2020-02-18T11:51:45","guid":{"rendered":"https:\/\/demo03.houzez.co\/?page_id=43"},"modified":"2025-02-01T22:22:39","modified_gmt":"2025-02-01T21:22:39","slug":"colocation-montpellier","status":"publish","type":"page","link":"https:\/\/www.studycosy.com\/index.php\/colocation-montpellier\/","title":{"rendered":"Colocations \u00e0 Montpellier"},"content":{"rendered":"\n<p><strong>Trouvez enfin le logement \u00e9tudiant id\u00e9al !<\/strong><\/p>\n\n\n\n<p>\u00c0 Montpellier, trouver un logement peut s\u2019av\u00e9rer un v\u00e9ritable parcours du combattant, notamment en septembre, o\u00f9 de nombreux \u00e9tudiants se retrouvent encore sans solution d\u2019h\u00e9bergement. Pour r\u00e9pondre \u00e0 cette forte demande, nous vous proposons des colocations de qualit\u00e9, con\u00e7ues sp\u00e9cialement pour les \u00e9tudiants en qu\u00eate d\u2019un cadre de vie agr\u00e9able et bien situ\u00e9.<\/p>\n\n\n\n<p>Nos logements offrent un environnement convivial, moderne et fonctionnel, \u00e0 proximit\u00e9 des campus, des transports en commun et de toutes les commodit\u00e9s. En choisissant nos colocations, vous b\u00e9n\u00e9ficiez d\u2019un espace de vie partag\u00e9 avec d\u2019autres \u00e9tudiants, favorisant ainsi les \u00e9changes et la convivialit\u00e9, tout en disposant de votre propre chambre pour un maximum de confort et d\u2019intimit\u00e9.<\/p>\n\n\n\n<p>Ne laissez pas le stress de la rentr\u00e9e g\u00e2cher vos \u00e9tudes : d\u00e9couvrez nos offres de colocation et trouvez enfin le logement qui vous correspond !<\/p>\n\n\n\n<p><\/p>\n","protected":false},"excerpt":{"rendered":"<p>Trouvez enfin le logement \u00e9tudiant id\u00e9al ! \u00c0 Montpellier, trouver un logement peut s\u2019av\u00e9rer un v\u00e9ritable parcours du combattant, notamment en septembre, o\u00f9 de nombreux \u00e9tudiants se retrouvent encore sans solution d\u2019h\u00e9bergement. Pour r\u00e9pondre \u00e0 cette forte demande, nous vous proposons des colocations de qualit\u00e9, con\u00e7ues sp\u00e9cialement pour les \u00e9tudiants en qu\u00eate d\u2019un cadre de [&hellip;]<\/p>\n","protected":false},"author":1,"featured_media":0,"parent":0,"menu_order":0,"comment_status":"closed","ping_status":"closed","template":"template\/template-listing-grid-v2.php","meta":{"_monsterinsights_skip_tracking":false,"_monsterinsights_sitenote_active":false,"_monsterinsights_sitenote_note":"","_monsterinsights_sitenote_category":0,"footnotes":""},"class_list":["post-43","page","type-page","status-publish","hentry"],"aioseo_notices":[],"_links":{"self":[{"href":"https:\/\/www.studycosy.com\/index.php\/wp-json\/wp\/v2\/pages\/43","targetHints":{"allow":["GET"]}}],"collection":[{"href":"https:\/\/www.studycosy.com\/index.php\/wp-json\/wp\/v2\/pages"}],"about":[{"href":"https:\/\/www.studycosy.com\/index.php\/wp-json\/wp\/v2\/types\/page"}],"author":[{"embeddable":true,"href":"https:\/\/www.studycosy.com\/index.php\/wp-json\/wp\/v2\/users\/1"}],"replies":[{"embeddable":true,"href":"https:\/\/www.studycosy.com\/index.php\/wp-json\/wp\/v2\/comments?post=43"}],"version-history":[{"count":3,"href":"https:\/\/www.studycosy.com\/index.php\/wp-json\/wp\/v2\/pages\/43\/revisions"}],"predecessor-version":[{"id":17749,"href":"https:\/\/www.studycosy.com\/index.php\/wp-json\/wp\/v2\/pages\/43\/revisions\/17749"}],"wp:attachment":[{"href":"https:\/\/www.studycosy.com\/index.php\/wp-json\/wp\/v2\/media?parent=43"}],"curies":[{"name":"wp","href":"https:\/\/api.w.org\/{rel}","templated":true}]}}