{"id":16650,"date":"2020-02-24T22:15:15","date_gmt":"2020-02-24T22:15:15","guid":{"rendered":"https:\/\/demo03.houzez.co\/?page_id=16650"},"modified":"2026-04-08T11:00:32","modified_gmt":"2026-04-08T09:00:32","slug":"about","status":"publish","type":"page","link":"https:\/\/www.studycosy.com\/index.php\/about\/","title":{"rendered":"Study Cosy"},"content":{"rendered":"\t\t<div data-elementor-type=\"wp-page\" data-elementor-id=\"16650\" class=\"elementor elementor-16650\">\n\t\t\t\t\t\t<section class=\"elementor-section elementor-top-section elementor-element elementor-element-5b81e21 elementor-section-height-min-height animated-slow elementor-section-boxed elementor-section-height-default elementor-section-items-middle elementor-invisible\" data-id=\"5b81e21\" data-element_type=\"section\" data-settings=\"{&quot;background_background&quot;:&quot;classic&quot;,&quot;animation&quot;:&quot;fadeIn&quot;}\">\n\t\t\t\t\t\t\t<div class=\"elementor-background-overlay\"><\/div>\n\t\t\t\t\t\t\t<div class=\"elementor-container elementor-column-gap-default\">\n\t\t\t\t\t<div class=\"elementor-column elementor-col-100 elementor-top-column elementor-element elementor-element-ad367f8\" data-id=\"ad367f8\" data-element_type=\"column\">\n\t\t\t<div class=\"elementor-widget-wrap elementor-element-populated\">\n\t\t\t\t\t\t<div class=\"elementor-element elementor-element-0e7939f elementor-widget elementor-widget-heading\" data-id=\"0e7939f\" data-element_type=\"widget\" data-widget_type=\"heading.default\">\n\t\t\t\t<div class=\"elementor-widget-container\">\n\t\t\t<h1 class=\"elementor-heading-title elementor-size-default\">Une vision innovante et cr\u00e9ative du march\u00e9 immobilier sp\u00e9cialis\u00e9<\/h1>\t\t<\/div>\n\t\t\t\t<\/div>\n\t\t\t\t\t<\/div>\n\t\t<\/div>\n\t\t\t\t\t<\/div>\n\t\t<\/section>\n\t\t\t\t<section class=\"elementor-section elementor-top-section elementor-element elementor-element-09038dc elementor-section-boxed elementor-section-height-default elementor-section-height-default\" data-id=\"09038dc\" data-element_type=\"section\" data-settings=\"{&quot;background_background&quot;:&quot;classic&quot;}\">\n\t\t\t\t\t\t<div class=\"elementor-container elementor-column-gap-default\">\n\t\t\t\t\t<div class=\"elementor-column elementor-col-100 elementor-top-column elementor-element elementor-element-c8278ac\" data-id=\"c8278ac\" data-element_type=\"column\">\n\t\t\t<div class=\"elementor-widget-wrap elementor-element-populated\">\n\t\t\t\t\t\t<div class=\"elementor-element elementor-element-3271868 elementor-widget elementor-widget-spacer\" data-id=\"3271868\" data-element_type=\"widget\" data-widget_type=\"spacer.default\">\n\t\t\t\t<div class=\"elementor-widget-container\">\n\t\t\t\t\t<div class=\"elementor-spacer\">\n\t\t\t<div class=\"elementor-spacer-inner\"><\/div>\n\t\t<\/div>\n\t\t\t\t<\/div>\n\t\t\t\t<\/div>\n\t\t\t\t<div class=\"elementor-element elementor-element-e7372b6 animated-slow elementor-invisible elementor-widget elementor-widget-houzez_elementor_section_title\" data-id=\"e7372b6\" data-element_type=\"widget\" data-settings=\"{&quot;_animation&quot;:&quot;fadeIn&quot;}\" data-widget_type=\"houzez_elementor_section_title.default\">\n\t\t\t\t<div class=\"elementor-widget-container\">\n\t\t\t            <div class=\"houzez_section_title_wrap section-title-module\">\n                                    <h2 class=\"houzez_section_title\">Study Cosy : sp\u00e9cialiste de la colocation \u00e0 Montpellier !<\/h2>\n                \n                            <\/div>\n            \t\t<\/div>\n\t\t\t\t<\/div>\n\t\t\t\t<div class=\"elementor-element elementor-element-69fe9b8 elementor-widget elementor-widget-text-editor\" data-id=\"69fe9b8\" data-element_type=\"widget\" data-widget_type=\"text-editor.default\">\n\t\t\t\t<div class=\"elementor-widget-container\">\n\t\t\t\t\t\t\t<p style=\"caret-color: #000000; color: #000000;\"><strong>Sp\u00e9cialiste de la Colocation de logements de standing pour \u00c9tudiants<\/strong><\/p><p style=\"caret-color: #000000; color: #000000;\"><strong>Study Cosy, <\/strong>marque du <strong>Groupe ITIS IMMO<\/strong>, se positionne naturellement comme un acteur incontournable dans la gestion locative de logements de standing, avec une sp\u00e9cialisation marqu\u00e9e dans la colocation \u00e9tudiante.<\/p><p style=\"caret-color: #000000; color: #000000;\">Le groupe se distingue par ses 3 expertises m\u00e9tiers compl\u00e9mentaires qui couvrent l\u2019ensemble du cycle immobilier, de l\u2019investissement \u00e0 la gestion.<\/p><ul style=\"caret-color: #000000; color: #000000;\"><li><strong>Gestion locative pour \u00e9tudiants<\/strong> <strong>ITIS IMMO<\/strong> : Study Cosy propose des solutions de colocation dans des appartements et immeubles r\u00e9nov\u00e9s, alliant confort, modernit\u00e9 et proximit\u00e9 des campus. Ces logements de qualit\u00e9, parfaitement am\u00e9nag\u00e9s et \u00e9quip\u00e9s, garantissent une exp\u00e9rience de vie agr\u00e9able pour les \u00e9tudiants.<\/li><li><strong>Investissement et financement de projets immobiliers \u00e0 fort rendement locatif \u00a0ITIS NOVA <\/strong>: Gr\u00e2ce \u00e0 une connaissance approfondie du march\u00e9 immobilier \u00e9tudiant, le groupe accompagne les investisseurs dans la conception et le financement de projets immobiliers \u00e0 haute rentabilit\u00e9, notamment dans le secteur dynamique de la colocation \u00e9tudiante.<\/li><li><strong>R\u00e9habilitation, r\u00e9novation et am\u00e9nagement de propri\u00e9t\u00e9s<\/strong> :<strong> ITIS NOVA<\/strong> prend en charge la transformation d\u2019immeubles et d\u2019appartements en logements optimis\u00e9s pour la colocation, en s\u2019assurant de respecter les plus hauts standards de confort et d\u2019esth\u00e9tique. Chaque espace est pens\u00e9 pour maximiser la convivialit\u00e9 et la fonctionnalit\u00e9, tout en garantissant des prestations haut de gamme.<\/li><\/ul><p style=\"caret-color: #000000; color: #000000;\"><strong>Depuis 2020, Study Cosy se concentre particuli\u00e8rement sur le d\u00e9veloppement de colocations \u00e9tudiantes,<\/strong> en apportant son expertise \u00e9prouv\u00e9e dans la gestion de biens immobiliers et en r\u00e9pondant aux besoins sp\u00e9cifiques des \u00e9tudiants d\u2019aujourd\u2019hui : des logements fonctionnels, confortables et bien situ\u00e9s.<\/p><p style=\"caret-color: #000000; color: #000000;\">Avec une approche innovante et une gestion rigoureuse,\u00a0<strong>Study Cosy<\/strong>\u00a0est le partenaire id\u00e9al pour les investisseurs, propri\u00e9taires et \u00e9tudiants \u00e0 la recherche de solutions locatives de qualit\u00e9.<\/p>\t\t\t\t\t\t<\/div>\n\t\t\t\t<\/div>\n\t\t\t\t<div class=\"elementor-element elementor-element-89a95a6 elementor-widget elementor-widget-spacer\" data-id=\"89a95a6\" data-element_type=\"widget\" data-widget_type=\"spacer.default\">\n\t\t\t\t<div class=\"elementor-widget-container\">\n\t\t\t\t\t<div class=\"elementor-spacer\">\n\t\t\t<div class=\"elementor-spacer-inner\"><\/div>\n\t\t<\/div>\n\t\t\t\t<\/div>\n\t\t\t\t<\/div>\n\t\t\t\t\t<\/div>\n\t\t<\/div>\n\t\t\t\t\t<\/div>\n\t\t<\/section>\n\t\t\t\t<section class=\"elementor-section elementor-top-section elementor-element elementor-element-37e5de8 elementor-section-boxed elementor-section-height-default elementor-section-height-default\" data-id=\"37e5de8\" data-element_type=\"section\">\n\t\t\t\t\t\t<div class=\"elementor-container elementor-column-gap-default\">\n\t\t\t\t\t<div class=\"elementor-column elementor-col-100 elementor-top-column elementor-element elementor-element-b3c212c\" data-id=\"b3c212c\" data-element_type=\"column\">\n\t\t\t<div class=\"elementor-widget-wrap elementor-element-populated\">\n\t\t\t\t\t\t<div class=\"elementor-element elementor-element-298dd1f elementor-widget elementor-widget-spacer\" data-id=\"298dd1f\" data-element_type=\"widget\" data-widget_type=\"spacer.default\">\n\t\t\t\t<div class=\"elementor-widget-container\">\n\t\t\t\t\t<div class=\"elementor-spacer\">\n\t\t\t<div class=\"elementor-spacer-inner\"><\/div>\n\t\t<\/div>\n\t\t\t\t<\/div>\n\t\t\t\t<\/div>\n\t\t\t\t<div class=\"elementor-element elementor-element-04da9bb animated-slow elementor-invisible elementor-widget elementor-widget-houzez_elementor_section_title\" data-id=\"04da9bb\" data-element_type=\"widget\" data-settings=\"{&quot;_animation&quot;:&quot;fadeIn&quot;}\" data-widget_type=\"houzez_elementor_section_title.default\">\n\t\t\t\t<div class=\"elementor-widget-container\">\n\t\t\t            <div class=\"houzez_section_title_wrap section-title-module\">\n                                    <h2 class=\"houzez_section_title\">Informations g\u00e9n\u00e9rales sur le logement et la colocation \u00e9tudiante.<\/h2>\n                \n                                    <p class=\"houzez_section_subtitle\">Des news, des tendances, des \u00e9tudes propos\u00e9es par Study Cosy<\/p>\n                            <\/div>\n            \t\t<\/div>\n\t\t\t\t<\/div>\n\t\t\t\t<section class=\"elementor-section elementor-inner-section elementor-element elementor-element-1ee1e99 elementor-section-boxed elementor-section-height-default elementor-section-height-default\" data-id=\"1ee1e99\" data-element_type=\"section\">\n\t\t\t\t\t\t<div class=\"elementor-container elementor-column-gap-default\">\n\t\t\t\t\t<div class=\"elementor-column elementor-col-100 elementor-inner-column elementor-element elementor-element-2d41ad6\" data-id=\"2d41ad6\" data-element_type=\"column\">\n\t\t\t<div class=\"elementor-widget-wrap elementor-element-populated\">\n\t\t\t\t\t\t<div class=\"elementor-element elementor-element-b10f709 elementor-widget elementor-widget-houzez_elementor_blog_posts\" data-id=\"b10f709\" data-element_type=\"widget\" data-widget_type=\"houzez_elementor_blog_posts.default\">\n\t\t\t\t<div class=\"elementor-widget-container\">\n\t\t\t\n        <div class=\"blog-posts-module blog-posts-module-v1\">\n            <div class=\"row module-row\">\n                                    <div class=\"col-lg-3 col-md-6\">\n                        <div id=\"post-633\" class=\"blog-post-item blog-post-item-v1 post-633 post type-post status-publish format-standard has-post-thumbnail hentry category-non-classe\">\n\t\n\t\t<div class=\"blog-post-thumb\">\n\t\t<a href=\"https:\/\/www.studycosy.com\/index.php\/2024\/10\/16\/le-bail-mobilite\/\" class=\"hover-effect\">\n\t\t\t<img fetchpriority=\"high\" decoding=\"async\" width=\"592\" height=\"444\" src=\"https:\/\/www.studycosy.com\/wp-content\/uploads\/2025\/02\/AdobeStock_338322198-592x444.jpeg\" class=\"img-fluid wp-post-image\" alt=\"\" srcset=\"https:\/\/www.studycosy.com\/wp-content\/uploads\/2025\/02\/AdobeStock_338322198-592x444.jpeg 592w, https:\/\/www.studycosy.com\/wp-content\/uploads\/2025\/02\/AdobeStock_338322198-584x438.jpeg 584w, https:\/\/www.studycosy.com\/wp-content\/uploads\/2025\/02\/AdobeStock_338322198-120x90.jpeg 120w\" sizes=\"(max-width: 592px) 100vw, 592px\" \/>\t\t<\/a>\n\t<\/div><!-- blog-post-thumb -->\n\t\n\t<div class=\"blog-post-content-wrap\">\n\t\t<div class=\"blog-post-meta\">\n\t\t\t<ul class=\"list-inline\">\n\t\t\t\t\t\t\t\t<li class=\"list-inline-item\">\n\t\t\t\t\t<time datetime=\"16 octobre 2024\"><i class=\"houzez-icon icon-calendar-3 mr-1\"><\/i> 16 octobre 2024<\/time>\n\t\t\t\t<\/li>\n\t\t\t\t\n\t\t\t\t\t\t\t\t<li class=\"list-inline-item\">\n\t\t\t\t\t<i class=\"houzez-icon icon-tags mr-1\"><\/i> <a href=\"https:\/\/www.studycosy.com\/index.php\/category\/non-classe\/\" rel=\"category tag\">Non class\u00e9<\/a>\t\t\t\t<\/li>\n\t\t\t\t\n\t\t\t<\/ul>\n\t\t<\/div><!-- blog-post-meta -->\n\t\t<div class=\"blog-post-title\">\n\t\t\t<h3><a href=\"https:\/\/www.studycosy.com\/index.php\/2024\/10\/16\/le-bail-mobilite\/\">Le Bail Mobilit\u00e9 : mentions obligatoires et obligations des parties<\/a><\/h3>\n\t\t<\/div><!-- blog-post-title -->\n\t\t<div class=\"blog-post-body\">\n\t\t\tLe bail mobilit\u00e9 : mentions obligatoires et obligations des parties Le bail mobilit\u00e9 est un...\t\t<\/div><!-- blog-post-body -->\n\t\t<div class=\"blog-post-link\">\n\t\t\t<a href=\"https:\/\/www.studycosy.com\/index.php\/2024\/10\/16\/le-bail-mobilite\/\">continuer la lecture<\/a>\n\t\t<\/div><!-- blog-post-link -->\n\t<\/div><!-- blog-post-content-wrap -->\n\t\t<div class=\"blog-post-author\">\n\t\t<i class=\"houzez-icon icon-single-neutral mr-1\"><\/i> par admin1836\t<\/div>\n\t<\/div><!-- blog-post-item -->                    <\/div>\n                                    <div class=\"col-lg-3 col-md-6\">\n                        <div id=\"post-635\" class=\"blog-post-item blog-post-item-v1 post-635 post type-post status-publish format-standard has-post-thumbnail hentry category-non-classe\">\n\t\n\t\t<div class=\"blog-post-thumb\">\n\t\t<a href=\"https:\/\/www.studycosy.com\/index.php\/2024\/10\/09\/encadrement-des-loyers-montpellier\/\" class=\"hover-effect\">\n\t\t\t<img decoding=\"async\" width=\"592\" height=\"444\" src=\"https:\/\/www.studycosy.com\/wp-content\/uploads\/2025\/02\/AdobeStock_185747215-592x444.jpeg\" class=\"img-fluid wp-post-image\" alt=\"\" srcset=\"https:\/\/www.studycosy.com\/wp-content\/uploads\/2025\/02\/AdobeStock_185747215-592x444.jpeg 592w, https:\/\/www.studycosy.com\/wp-content\/uploads\/2025\/02\/AdobeStock_185747215-584x438.jpeg 584w, https:\/\/www.studycosy.com\/wp-content\/uploads\/2025\/02\/AdobeStock_185747215-120x90.jpeg 120w\" sizes=\"(max-width: 592px) 100vw, 592px\" \/>\t\t<\/a>\n\t<\/div><!-- blog-post-thumb -->\n\t\n\t<div class=\"blog-post-content-wrap\">\n\t\t<div class=\"blog-post-meta\">\n\t\t\t<ul class=\"list-inline\">\n\t\t\t\t\t\t\t\t<li class=\"list-inline-item\">\n\t\t\t\t\t<time datetime=\"9 octobre 2024\"><i class=\"houzez-icon icon-calendar-3 mr-1\"><\/i> 9 octobre 2024<\/time>\n\t\t\t\t<\/li>\n\t\t\t\t\n\t\t\t\t\t\t\t\t<li class=\"list-inline-item\">\n\t\t\t\t\t<i class=\"houzez-icon icon-tags mr-1\"><\/i> <a href=\"https:\/\/www.studycosy.com\/index.php\/category\/non-classe\/\" rel=\"category tag\">Non class\u00e9<\/a>\t\t\t\t<\/li>\n\t\t\t\t\n\t\t\t<\/ul>\n\t\t<\/div><!-- blog-post-meta -->\n\t\t<div class=\"blog-post-title\">\n\t\t\t<h3><a href=\"https:\/\/www.studycosy.com\/index.php\/2024\/10\/09\/encadrement-des-loyers-montpellier\/\">Encadrement des loyers \u00e0 Montpellier<\/a><\/h3>\n\t\t<\/div><!-- blog-post-title -->\n\t\t<div class=\"blog-post-body\">\n\t\t\tL\u2019encadrement des loyers \u00e0 Montpellier : Ce qu\u2019il faut savoir Face \u00e0 la hausse des loyers et...\t\t<\/div><!-- blog-post-body -->\n\t\t<div class=\"blog-post-link\">\n\t\t\t<a href=\"https:\/\/www.studycosy.com\/index.php\/2024\/10\/09\/encadrement-des-loyers-montpellier\/\">continuer la lecture<\/a>\n\t\t<\/div><!-- blog-post-link -->\n\t<\/div><!-- blog-post-content-wrap -->\n\t\t<div class=\"blog-post-author\">\n\t\t<i class=\"houzez-icon icon-single-neutral mr-1\"><\/i> par admin1836\t<\/div>\n\t<\/div><!-- blog-post-item -->                    <\/div>\n                                    <div class=\"col-lg-3 col-md-6\">\n                        <div id=\"post-1\" class=\"blog-post-item blog-post-item-v1 post-1 post type-post status-publish format-standard has-post-thumbnail hentry category-non-classe\">\n\t\n\t\t<div class=\"blog-post-thumb\">\n\t\t<a href=\"https:\/\/www.studycosy.com\/index.php\/2024\/09\/21\/colocation-en-france\/\" class=\"hover-effect\">\n\t\t\t<img decoding=\"async\" width=\"592\" height=\"444\" src=\"https:\/\/www.studycosy.com\/wp-content\/uploads\/2025\/02\/AdobeStock_243090416-592x444.jpeg\" class=\"img-fluid wp-post-image\" alt=\"\" srcset=\"https:\/\/www.studycosy.com\/wp-content\/uploads\/2025\/02\/AdobeStock_243090416-592x444.jpeg 592w, https:\/\/www.studycosy.com\/wp-content\/uploads\/2025\/02\/AdobeStock_243090416-584x438.jpeg 584w, https:\/\/www.studycosy.com\/wp-content\/uploads\/2025\/02\/AdobeStock_243090416-120x90.jpeg 120w\" sizes=\"(max-width: 592px) 100vw, 592px\" \/>\t\t<\/a>\n\t<\/div><!-- blog-post-thumb -->\n\t\n\t<div class=\"blog-post-content-wrap\">\n\t\t<div class=\"blog-post-meta\">\n\t\t\t<ul class=\"list-inline\">\n\t\t\t\t\t\t\t\t<li class=\"list-inline-item\">\n\t\t\t\t\t<time datetime=\"21 septembre 2024\"><i class=\"houzez-icon icon-calendar-3 mr-1\"><\/i> 21 septembre 2024<\/time>\n\t\t\t\t<\/li>\n\t\t\t\t\n\t\t\t\t\t\t\t\t<li class=\"list-inline-item\">\n\t\t\t\t\t<i class=\"houzez-icon icon-tags mr-1\"><\/i> <a href=\"https:\/\/www.studycosy.com\/index.php\/category\/non-classe\/\" rel=\"category tag\">Non class\u00e9<\/a>\t\t\t\t<\/li>\n\t\t\t\t\n\t\t\t<\/ul>\n\t\t<\/div><!-- blog-post-meta -->\n\t\t<div class=\"blog-post-title\">\n\t\t\t<h3><a href=\"https:\/\/www.studycosy.com\/index.php\/2024\/09\/21\/colocation-en-france\/\">La colocation en France et \u00e0 Montpellier<\/a><\/h3>\n\t\t<\/div><!-- blog-post-title -->\n\t\t<div class=\"blog-post-body\">\n\t\t\tLa colocation ou le coliving en France : une nouvelle approche du logement \u00e9tudiant Le coliving...\t\t<\/div><!-- blog-post-body -->\n\t\t<div class=\"blog-post-link\">\n\t\t\t<a href=\"https:\/\/www.studycosy.com\/index.php\/2024\/09\/21\/colocation-en-france\/\">continuer la lecture<\/a>\n\t\t<\/div><!-- blog-post-link -->\n\t<\/div><!-- blog-post-content-wrap -->\n\t\t<div class=\"blog-post-author\">\n\t\t<i class=\"houzez-icon icon-single-neutral mr-1\"><\/i> par admin1836\t<\/div>\n\t<\/div><!-- blog-post-item -->                    <\/div>\n                                    <div class=\"col-lg-3 col-md-6\">\n                        <div id=\"post-637\" class=\"blog-post-item blog-post-item-v1 post-637 post type-post status-publish format-standard has-post-thumbnail hentry category-non-classe\">\n\t\n\t\t<div class=\"blog-post-thumb\">\n\t\t<a href=\"https:\/\/www.studycosy.com\/index.php\/2024\/09\/09\/investir-colocation-montpellier\/\" class=\"hover-effect\">\n\t\t\t<img loading=\"lazy\" decoding=\"async\" width=\"592\" height=\"444\" src=\"https:\/\/www.studycosy.com\/wp-content\/uploads\/2025\/02\/AdobeStock_279997419-592x444.jpeg\" class=\"img-fluid wp-post-image\" alt=\"\" srcset=\"https:\/\/www.studycosy.com\/wp-content\/uploads\/2025\/02\/AdobeStock_279997419-592x444.jpeg 592w, https:\/\/www.studycosy.com\/wp-content\/uploads\/2025\/02\/AdobeStock_279997419-584x438.jpeg 584w, https:\/\/www.studycosy.com\/wp-content\/uploads\/2025\/02\/AdobeStock_279997419-120x90.jpeg 120w\" sizes=\"(max-width: 592px) 100vw, 592px\" \/>\t\t<\/a>\n\t<\/div><!-- blog-post-thumb -->\n\t\n\t<div class=\"blog-post-content-wrap\">\n\t\t<div class=\"blog-post-meta\">\n\t\t\t<ul class=\"list-inline\">\n\t\t\t\t\t\t\t\t<li class=\"list-inline-item\">\n\t\t\t\t\t<time datetime=\"9 septembre 2024\"><i class=\"houzez-icon icon-calendar-3 mr-1\"><\/i> 9 septembre 2024<\/time>\n\t\t\t\t<\/li>\n\t\t\t\t\n\t\t\t\t\t\t\t\t<li class=\"list-inline-item\">\n\t\t\t\t\t<i class=\"houzez-icon icon-tags mr-1\"><\/i> <a href=\"https:\/\/www.studycosy.com\/index.php\/category\/non-classe\/\" rel=\"category tag\">Non class\u00e9<\/a>\t\t\t\t<\/li>\n\t\t\t\t\n\t\t\t<\/ul>\n\t\t<\/div><!-- blog-post-meta -->\n\t\t<div class=\"blog-post-title\">\n\t\t\t<h3><a href=\"https:\/\/www.studycosy.com\/index.php\/2024\/09\/09\/investir-colocation-montpellier\/\">Investir dans la colocation \u00e9tudiante : une opportunit\u00e9 rentable et s\u00e9curis\u00e9e<\/a><\/h3>\n\t\t<\/div><!-- blog-post-title -->\n\t\t<div class=\"blog-post-body\">\n\t\t\tLe march\u00e9 du logement \u00e9tudiant en France conna\u00eet une demande croissante, et la colocation...\t\t<\/div><!-- blog-post-body -->\n\t\t<div class=\"blog-post-link\">\n\t\t\t<a href=\"https:\/\/www.studycosy.com\/index.php\/2024\/09\/09\/investir-colocation-montpellier\/\">continuer la lecture<\/a>\n\t\t<\/div><!-- blog-post-link -->\n\t<\/div><!-- blog-post-content-wrap -->\n\t\t<div class=\"blog-post-author\">\n\t\t<i class=\"houzez-icon icon-single-neutral mr-1\"><\/i> par admin1836\t<\/div>\n\t<\/div><!-- blog-post-item -->                    <\/div>\n                            <\/div>\n        <\/div>\n\n        \t\t<\/div>\n\t\t\t\t<\/div>\n\t\t\t\t\t<\/div>\n\t\t<\/div>\n\t\t\t\t\t<\/div>\n\t\t<\/section>\n\t\t\t\t<div class=\"elementor-element elementor-element-6649fbc elementor-widget elementor-widget-spacer\" data-id=\"6649fbc\" data-element_type=\"widget\" data-widget_type=\"spacer.default\">\n\t\t\t\t<div class=\"elementor-widget-container\">\n\t\t\t\t\t<div class=\"elementor-spacer\">\n\t\t\t<div class=\"elementor-spacer-inner\"><\/div>\n\t\t<\/div>\n\t\t\t\t<\/div>\n\t\t\t\t<\/div>\n\t\t\t\t\t<\/div>\n\t\t<\/div>\n\t\t\t\t\t<\/div>\n\t\t<\/section>\n\t\t\t\t<\/div>\n\t\t","protected":false},"excerpt":{"rendered":"<p>Une vision innovante et cr\u00e9ative du march\u00e9 immobilier sp\u00e9cialis\u00e9 Study Cosy : sp\u00e9cialiste de la colocation \u00e0 Montpellier ! Sp\u00e9cialiste de la Colocation de logements de standing pour \u00c9tudiants Study Cosy, marque du Groupe ITIS IMMO, se positionne naturellement comme un acteur incontournable dans la gestion locative de logements de standing, avec une sp\u00e9cialisation marqu\u00e9e [&hellip;]<\/p>\n","protected":false},"author":1,"featured_media":0,"parent":0,"menu_order":0,"comment_status":"closed","ping_status":"closed","template":"template\/template-homepage.php","meta":{"_monsterinsights_skip_tracking":false,"_monsterinsights_sitenote_active":false,"_monsterinsights_sitenote_note":"","_monsterinsights_sitenote_category":0,"footnotes":""},"class_list":["post-16650","page","type-page","status-publish","hentry"],"aioseo_notices":[],"_links":{"self":[{"href":"https:\/\/www.studycosy.com\/index.php\/wp-json\/wp\/v2\/pages\/16650","targetHints":{"allow":["GET"]}}],"collection":[{"href":"https:\/\/www.studycosy.com\/index.php\/wp-json\/wp\/v2\/pages"}],"about":[{"href":"https:\/\/www.studycosy.com\/index.php\/wp-json\/wp\/v2\/types\/page"}],"author":[{"embeddable":true,"href":"https:\/\/www.studycosy.com\/index.php\/wp-json\/wp\/v2\/users\/1"}],"replies":[{"embeddable":true,"href":"https:\/\/www.studycosy.com\/index.php\/wp-json\/wp\/v2\/comments?post=16650"}],"version-history":[{"count":23,"href":"https:\/\/www.studycosy.com\/index.php\/wp-json\/wp\/v2\/pages\/16650\/revisions"}],"predecessor-version":[{"id":18205,"href":"https:\/\/www.studycosy.com\/index.php\/wp-json\/wp\/v2\/pages\/16650\/revisions\/18205"}],"wp:attachment":[{"href":"https:\/\/www.studycosy.com\/index.php\/wp-json\/wp\/v2\/media?parent=16650"}],"curies":[{"name":"wp","href":"https:\/\/api.w.org\/{rel}","templated":true}]}}